{"id":54,"date":"2015-07-28T15:08:33","date_gmt":"2015-07-28T15:08:33","guid":{"rendered":"http:\/\/localhost\/wordpress%20-%20Pioneiro\/?page_id=54"},"modified":"2022-11-09T02:03:19","modified_gmt":"2022-11-09T02:03:19","slug":"locacao-de-equipamentos-de-ti","status":"publish","type":"page","link":"https:\/\/mritecnologia.com.br\/?page_id=54","title":{"rendered":"Loca\u00e7\u00e3o de Equipamentos de TI"},"content":{"rendered":"<p style=\"text-align: justify;\"><strong>A MRI Tecnologia Inform\u00e1tica oferece servi\u00e7os de Loca\u00e7\u00e3o de Equipamentos de TI capazes de atender as necessidades dos mais diversos clientes corporativos.<\/strong><\/p>\n<p><img loading=\"lazy\" decoding=\"async\" class=\" wp-image-492 aligncenter\" src=\"http:\/\/mritecnologia.com.br\/wp-content\/uploads\/2015\/07\/Locacao-de-ti.jpg\" alt=\"Locacao-de-ti\" width=\"676\" height=\"261\" srcset=\"https:\/\/mritecnologia.com.br\/wp-content\/uploads\/2015\/07\/Locacao-de-ti.jpg 880w, https:\/\/mritecnologia.com.br\/wp-content\/uploads\/2015\/07\/Locacao-de-ti-300x116.jpg 300w\" sizes=\"auto, (max-width: 676px) 100vw, 676px\" \/><\/p>\n<p style=\"text-align: justify;\"><strong>A Loca\u00e7\u00e3o<\/strong> \u00e9 o melhor aliado para que a sua empresa economize sem abrir m\u00e3o de tecnologia atualizada, garantida pelo melhor n\u00edvel de servi\u00e7o do mercado. Nossos servi\u00e7os podem ser utilizados em qualquer tipo de situa\u00e7\u00e3o, desde breves reuni\u00f5es, treinamentos, eventos de grande porte e at\u00e9 contratos de m\u00e9dio e longo prazo.<\/p>\n<p style=\"text-align: justify;\">Voc\u00ea tem a sua disposi\u00e7\u00e3o tecnologia atualizada, n\u00e3o necessitando investir em equipamentos, que se tornam obsoletos rapidamente. Voc\u00ea passar\u00e1 a contratar n\u00edveis de servi\u00e7o ao inv\u00e9s de imobilizar patrim\u00f4nio. Sua empresa se livrar\u00e1 dos altos custos de manuten\u00e7\u00e3o de hardware e reinstala\u00e7\u00f5es de sistema operacional, concentrando-se na sua atividade principal e ao mesmo tempo liberando a carga da equipe de suporte de inform\u00e1tica.<\/p>\n<p style=\"text-align: justify;\">Nosso contrato de loca\u00e7\u00e3o prev\u00ea a troca do equipamento em at\u00e9 12 horas \u00fateis para problemas cr\u00edticos. Outros n\u00edveis de servi\u00e7o podem ser contratados, podendo inclusive contar com equipamentos de backup no local, traduzindo para a sua empresa em um menor tempo de parada do seu usu\u00e1rio.<\/p>\n<p style=\"text-align: justify;\">Outra vantagem da loca\u00e7\u00e3o \u00e9 o benef\u00edcio fiscal. Despesas com <strong>Aluguel de equipamentos<\/strong> podem ser deduzidas do imposto de renda na conta de servi\u00e7os. Preciosos recursos para investimento s\u00e3o economizados.<\/p>\n<p style=\"text-align: justify;\">Nosso objetivo \u00e9 atender aos nossos clientes com qualidade e efici\u00eancia, buscando a satisfa\u00e7\u00e3o e o sucesso total da sua empresa.<strong>&nbsp;<\/strong><\/p>\n<p><strong>VANTAGENS DA LOCA\u00c7\u00c3O:<\/strong><\/p>\n<p>Preserva\u00e7\u00e3o de capital para investimento em atividade principal;<\/p>\n<p>Valor pago mensalmente \u00e9 lan\u00e7ado como despesa, podendo ser abatido no IR;<\/p>\n<p>Contratos com per\u00edodos de loca\u00e7\u00e3o flex\u00edveis;<\/p>\n<p>Atualiza\u00e7\u00e3o tecnol\u00f3gica r\u00e1pida e cont\u00ednua;<\/p>\n<p>Possibilidade de upgrade durante e no final do contrato;<\/p>\n<p>Manuten\u00e7\u00e3o e atendimento t\u00e9cnico;<\/p>\n<p>Sistemas Operacionais e softwares atualizados;<\/p>\n<p>Agilidade na contrata\u00e7\u00e3o e entrega dos equipamentos;<\/p>\n<p>Utilizamos equipamentos homologados pelos fabricantes de sistemas;<\/p>\n<p>Solu\u00e7\u00f5es em problemas de hardware ou troca em at\u00e9 12 horas \u00fateis;<\/p>\n","protected":false},"excerpt":{"rendered":"<p>A MRI Tecnologia Inform\u00e1tica oferece servi\u00e7os de Loca\u00e7\u00e3o de Equipamentos de TI capazes de atender as necessidades dos mais diversos clientes corporativos. A Loca\u00e7\u00e3o \u00e9 o melhor aliado para que a sua empresa economize sem abrir m\u00e3o de tecnologia atualizada, garantida pelo melhor n\u00edvel de servi\u00e7o do mercado. Nossos servi\u00e7os podem ser utilizados em qualquer tipo de situa\u00e7\u00e3o, desde breves reuni\u00f5es, treinamentos, eventos de grande porte e at\u00e9 contratos de m\u00e9dio e longo prazo. Voc\u00ea tem a sua disposi\u00e7\u00e3o tecnologia atualizada, n\u00e3o necessitando investir em equipamentos, que se tornam obsoletos rapidamente. Voc\u00ea passar\u00e1 a contratar n\u00edveis de servi\u00e7o ao inv\u00e9s de imobilizar patrim\u00f4nio. Sua empresa se livrar\u00e1 dos altos custos de manuten\u00e7\u00e3o de hardware e reinstala\u00e7\u00f5es de sistema operacional, concentrando-se na sua atividade principal e ao mesmo tempo liberando a carga da equipe de suporte de inform\u00e1tica. Nosso contrato de loca\u00e7\u00e3o prev\u00ea a troca do equipamento em at\u00e9 12 horas \u00fateis para problemas cr\u00edticos. Outros n\u00edveis de servi\u00e7o podem ser contratados, podendo inclusive contar com equipamentos de backup no local, traduzindo para a sua empresa em um menor tempo de parada do seu usu\u00e1rio. Outra vantagem da loca\u00e7\u00e3o \u00e9 o benef\u00edcio fiscal. Despesas com Aluguel de equipamentos podem ser deduzidas do imposto de renda na conta de servi\u00e7os. Preciosos recursos para investimento s\u00e3o economizados. Nosso objetivo \u00e9 atender aos nossos clientes com qualidade e efici\u00eancia, buscando a satisfa\u00e7\u00e3o e o sucesso total da sua empresa.&nbsp; VANTAGENS DA LOCA\u00c7\u00c3O: Preserva\u00e7\u00e3o de capital para investimento em atividade principal; Valor pago mensalmente \u00e9 lan\u00e7ado como despesa, podendo ser abatido no IR; Contratos com per\u00edodos de loca\u00e7\u00e3o flex\u00edveis; Atualiza\u00e7\u00e3o tecnol\u00f3gica r\u00e1pida e cont\u00ednua; Possibilidade de upgrade durante e no final do contrato; Manuten\u00e7\u00e3o e atendimento t\u00e9cnico; Sistemas Operacionais e softwares atualizados; Agilidade na contrata\u00e7\u00e3o e entrega dos equipamentos; Utilizamos equipamentos homologados pelos fabricantes de sistemas; Solu\u00e7\u00f5es em problemas de hardware ou troca em at\u00e9 12 horas \u00fateis;<\/p>\n","protected":false},"author":1,"featured_media":0,"parent":36,"menu_order":0,"comment_status":"closed","ping_status":"closed","template":"page_fullwidth.php","meta":{"om_disable_all_campaigns":false,"_uag_custom_page_level_css":"","_monsterinsights_skip_tracking":false,"_monsterinsights_sitenote_active":false,"_monsterinsights_sitenote_note":"","_monsterinsights_sitenote_category":0,"footnotes":""},"class_list":["post-54","page","type-page","status-publish","hentry"],"uagb_featured_image_src":{"full":false,"thumbnail":false,"medium":false,"medium_large":false,"large":false,"1536x1536":false,"2048x2048":false,"sweetheat-portfolio":false},"uagb_author_info":{"display_name":"MRI Tecnologia","author_link":"https:\/\/mritecnologia.com.br\/?author=1"},"uagb_comment_info":0,"uagb_excerpt":"A MRI Tecnologia Inform\u00e1tica oferece servi\u00e7os de Loca\u00e7\u00e3o de Equipamentos de TI capazes de atender as necessidades dos mais diversos clientes corporativos. A Loca\u00e7\u00e3o \u00e9 o melhor aliado para que a sua empresa economize sem abrir m\u00e3o de tecnologia atualizada, garantida pelo melhor n\u00edvel de servi\u00e7o do mercado. Nossos servi\u00e7os podem ser utilizados em qualquer&hellip;","_links":{"self":[{"href":"https:\/\/mritecnologia.com.br\/index.php?rest_route=\/wp\/v2\/pages\/54","targetHints":{"allow":["GET"]}}],"collection":[{"href":"https:\/\/mritecnologia.com.br\/index.php?rest_route=\/wp\/v2\/pages"}],"about":[{"href":"https:\/\/mritecnologia.com.br\/index.php?rest_route=\/wp\/v2\/types\/page"}],"author":[{"embeddable":true,"href":"https:\/\/mritecnologia.com.br\/index.php?rest_route=\/wp\/v2\/users\/1"}],"replies":[{"embeddable":true,"href":"https:\/\/mritecnologia.com.br\/index.php?rest_route=%2Fwp%2Fv2%2Fcomments&post=54"}],"version-history":[{"count":12,"href":"https:\/\/mritecnologia.com.br\/index.php?rest_route=\/wp\/v2\/pages\/54\/revisions"}],"predecessor-version":[{"id":1325,"href":"https:\/\/mritecnologia.com.br\/index.php?rest_route=\/wp\/v2\/pages\/54\/revisions\/1325"}],"up":[{"embeddable":true,"href":"https:\/\/mritecnologia.com.br\/index.php?rest_route=\/wp\/v2\/pages\/36"}],"wp:attachment":[{"href":"https:\/\/mritecnologia.com.br\/index.php?rest_route=%2Fwp%2Fv2%2Fmedia&parent=54"}],"curies":[{"name":"wp","href":"https:\/\/api.w.org\/{rel}","templated":true}]}}